{"id":554,"date":"2021-08-24T06:37:09","date_gmt":"2021-08-24T06:37:09","guid":{"rendered":"http:\/\/thongthaimassage.com\/home\/"},"modified":"2026-01-16T18:33:25","modified_gmt":"2026-01-16T17:33:25","slug":"home","status":"publish","type":"page","link":"https:\/\/thongthaimassage.com\/","title":{"rendered":"Home"},"content":{"rendered":"\t\t<div data-elementor-type=\"wp-page\" data-elementor-id=\"554\" class=\"elementor elementor-554\">\n\t\t\t\t\t\t<section class=\"has_ma_el_bg_slider elementor-section elementor-top-section elementor-element elementor-element-e57288a elementor-section-height-min-height elementor-section-boxed elementor-section-height-default elementor-section-items-middle jltma-glass-effect-no\" data-id=\"e57288a\" data-element_type=\"section\" data-e-type=\"section\" data-settings=\"{&quot;background_background&quot;:&quot;classic&quot;}\">\n\t\t\t\t\t\t<div class=\"elementor-container elementor-column-gap-no\">\n\t\t\t\t\t<div class=\"has_ma_el_bg_slider elementor-column elementor-col-100 elementor-top-column elementor-element elementor-element-a5053a3 jltma-glass-effect-no\" data-id=\"a5053a3\" data-element_type=\"column\" data-e-type=\"column\">\n\t\t\t<div class=\"elementor-widget-wrap elementor-element-populated\">\n\t\t\t\t\t\t<div class=\"elementor-element elementor-element-d15881a jltma-glass-effect-no elementor-widget elementor-widget-heading\" data-id=\"d15881a\" data-element_type=\"widget\" data-e-type=\"widget\" data-widget_type=\"heading.default\">\n\t\t\t\t<div class=\"elementor-widget-container\">\n\t\t\t\t\t<h4 class=\"elementor-heading-title elementor-size-default\">V\u00e4lkommen till <br>Thongjan Massage<br>RING 073 541 8879<\/h4>\t\t\t\t<\/div>\n\t\t\t\t<\/div>\n\t\t\t\t<div class=\"elementor-element elementor-element-cfde280 elementor-widget__width-initial jltma-glass-effect-no elementor-widget elementor-widget-heading\" data-id=\"cfde280\" data-element_type=\"widget\" data-e-type=\"widget\" data-widget_type=\"heading.default\">\n\t\t\t\t<div class=\"elementor-widget-container\">\n\t\t\t\t\t<h1 class=\"elementor-heading-title elementor-size-default\"><a href=\"http:\/\/thongthaimassage.com\">Professionell thaimassage<\/a><\/h1>\t\t\t\t<\/div>\n\t\t\t\t<\/div>\n\t\t\t\t<div class=\"elementor-element elementor-element-8311209 jltma-glass-effect-no elementor-widget elementor-widget-text-editor\" data-id=\"8311209\" data-element_type=\"widget\" data-e-type=\"widget\" data-widget_type=\"text-editor.default\">\n\t\t\t\t<div class=\"elementor-widget-container\">\n\t\t\t\t\t\t\t\t\t<p>Jag erbjuder dig en fantastisk massage.<\/p>\t\t\t\t\t\t\t\t<\/div>\n\t\t\t\t<\/div>\n\t\t\t\t\t<\/div>\n\t\t<\/div>\n\t\t\t\t\t<\/div>\n\t\t<\/section>\n\t\t\t\t<section class=\"has_ma_el_bg_slider elementor-section elementor-top-section elementor-element elementor-element-ddd1a38 elementor-section-full_width elementor-section-height-default elementor-section-height-default jltma-glass-effect-no\" data-id=\"ddd1a38\" data-element_type=\"section\" data-e-type=\"section\" data-settings=\"{&quot;background_background&quot;:&quot;classic&quot;}\">\n\t\t\t\t\t\t<div class=\"elementor-container elementor-column-gap-no\">\n\t\t\t\t\t<div class=\"has_ma_el_bg_slider elementor-column elementor-col-100 elementor-top-column elementor-element elementor-element-96ac74f jltma-glass-effect-no\" data-id=\"96ac74f\" data-element_type=\"column\" data-e-type=\"column\">\n\t\t\t<div class=\"elementor-widget-wrap elementor-element-populated\">\n\t\t\t\t\t\t<div class=\"elementor-element elementor-element-c20d8af jltma-glass-effect-no elementor-widget elementor-widget-heading\" data-id=\"c20d8af\" data-element_type=\"widget\" data-e-type=\"widget\" data-widget_type=\"heading.default\">\n\t\t\t\t<div class=\"elementor-widget-container\">\n\t\t\t\t\t<h2 class=\"elementor-heading-title elementor-size-default\">Ring for bokning <a href=\"tel:073 541 8879\">073 541 8879<\/a><\/h2>\t\t\t\t<\/div>\n\t\t\t\t<\/div>\n\t\t\t\t\t<\/div>\n\t\t<\/div>\n\t\t\t\t\t<\/div>\n\t\t<\/section>\n\t\t\t\t<section class=\"has_ma_el_bg_slider elementor-section elementor-top-section elementor-element elementor-element-17a9c43 elementor-section-boxed elementor-section-height-default elementor-section-height-default jltma-glass-effect-no\" data-id=\"17a9c43\" data-element_type=\"section\" data-e-type=\"section\" data-settings=\"{&quot;background_background&quot;:&quot;classic&quot;}\">\n\t\t\t\t\t\t<div class=\"elementor-container elementor-column-gap-default\">\n\t\t\t\t\t<div class=\"has_ma_el_bg_slider elementor-column elementor-col-33 elementor-top-column elementor-element elementor-element-284643f jltma-glass-effect-no\" data-id=\"284643f\" data-element_type=\"column\" data-e-type=\"column\">\n\t\t\t<div class=\"elementor-widget-wrap elementor-element-populated\">\n\t\t\t\t\t\t<div class=\"elementor-element elementor-element-5209225 jltma-glass-effect-no elementor-widget elementor-widget-image\" data-id=\"5209225\" data-element_type=\"widget\" data-e-type=\"widget\" data-widget_type=\"image.default\">\n\t\t\t\t<div class=\"elementor-widget-container\">\n\t\t\t\t\t\t\t\t\t\t\t\t\t\t\t<img fetchpriority=\"high\" decoding=\"async\" width=\"1024\" height=\"683\" src=\"https:\/\/thongthaimassage.com\/wp-content\/uploads\/2023\/04\/beautiful-young-woman-spa-salon-1-1024x683.jpg\" class=\"attachment-large size-large wp-image-800\" alt=\"\" srcset=\"https:\/\/thongthaimassage.com\/wp-content\/uploads\/2023\/04\/beautiful-young-woman-spa-salon-1-1024x683.jpg 1024w, https:\/\/thongthaimassage.com\/wp-content\/uploads\/2023\/04\/beautiful-young-woman-spa-salon-1-300x200.jpg 300w, https:\/\/thongthaimassage.com\/wp-content\/uploads\/2023\/04\/beautiful-young-woman-spa-salon-1-768x512.jpg 768w, https:\/\/thongthaimassage.com\/wp-content\/uploads\/2023\/04\/beautiful-young-woman-spa-salon-1-1536x1024.jpg 1536w, https:\/\/thongthaimassage.com\/wp-content\/uploads\/2023\/04\/beautiful-young-woman-spa-salon-1-2048x1365.jpg 2048w\" sizes=\"(max-width: 1024px) 100vw, 1024px\" \/>\t\t\t\t\t\t\t\t\t\t\t\t\t\t\t<\/div>\n\t\t\t\t<\/div>\n\t\t\t\t<div class=\"elementor-element elementor-element-bbcfaa4 jltma-glass-effect-no elementor-widget elementor-widget-heading\" data-id=\"bbcfaa4\" data-element_type=\"widget\" data-e-type=\"widget\" data-widget_type=\"heading.default\">\n\t\t\t\t<div class=\"elementor-widget-container\">\n\t\t\t\t\t<h4 class=\"elementor-heading-title elementor-size-default\">Thaimassage<\/h4>\t\t\t\t<\/div>\n\t\t\t\t<\/div>\n\t\t\t\t\t<\/div>\n\t\t<\/div>\n\t\t\t\t<div class=\"has_ma_el_bg_slider elementor-column elementor-col-33 elementor-top-column elementor-element elementor-element-ad86ae0 jltma-glass-effect-no\" data-id=\"ad86ae0\" data-element_type=\"column\" data-e-type=\"column\">\n\t\t\t<div class=\"elementor-widget-wrap elementor-element-populated\">\n\t\t\t\t\t\t<div class=\"elementor-element elementor-element-bea8f2e jltma-glass-effect-no elementor-widget elementor-widget-image\" data-id=\"bea8f2e\" data-element_type=\"widget\" data-e-type=\"widget\" data-widget_type=\"image.default\">\n\t\t\t\t<div class=\"elementor-widget-container\">\n\t\t\t\t\t\t\t\t\t\t\t\t\t\t\t<img decoding=\"async\" width=\"1024\" height=\"683\" src=\"https:\/\/thongthaimassage.com\/wp-content\/uploads\/2023\/04\/closeup-woman-relaxing-during-back-massage-spa-salon-1024x683.jpg\" class=\"attachment-large size-large wp-image-847\" alt=\"Olje Massage - Thong Thai Massage Helsingborg\" srcset=\"https:\/\/thongthaimassage.com\/wp-content\/uploads\/2023\/04\/closeup-woman-relaxing-during-back-massage-spa-salon-1024x683.jpg 1024w, https:\/\/thongthaimassage.com\/wp-content\/uploads\/2023\/04\/closeup-woman-relaxing-during-back-massage-spa-salon-300x200.jpg 300w, https:\/\/thongthaimassage.com\/wp-content\/uploads\/2023\/04\/closeup-woman-relaxing-during-back-massage-spa-salon-768x512.jpg 768w, https:\/\/thongthaimassage.com\/wp-content\/uploads\/2023\/04\/closeup-woman-relaxing-during-back-massage-spa-salon-1536x1024.jpg 1536w, https:\/\/thongthaimassage.com\/wp-content\/uploads\/2023\/04\/closeup-woman-relaxing-during-back-massage-spa-salon-2048x1365.jpg 2048w\" sizes=\"(max-width: 1024px) 100vw, 1024px\" \/>\t\t\t\t\t\t\t\t\t\t\t\t\t\t\t<\/div>\n\t\t\t\t<\/div>\n\t\t\t\t<div class=\"elementor-element elementor-element-ab2ca3b jltma-glass-effect-no elementor-widget elementor-widget-heading\" data-id=\"ab2ca3b\" data-element_type=\"widget\" data-e-type=\"widget\" data-widget_type=\"heading.default\">\n\t\t\t\t<div class=\"elementor-widget-container\">\n\t\t\t\t\t<h4 class=\"elementor-heading-title elementor-size-default\">Olje Massage <\/h4>\t\t\t\t<\/div>\n\t\t\t\t<\/div>\n\t\t\t\t\t<\/div>\n\t\t<\/div>\n\t\t\t\t<div class=\"has_ma_el_bg_slider elementor-column elementor-col-33 elementor-top-column elementor-element elementor-element-878c07b jltma-glass-effect-no\" data-id=\"878c07b\" data-element_type=\"column\" data-e-type=\"column\">\n\t\t\t<div class=\"elementor-widget-wrap elementor-element-populated\">\n\t\t\t\t\t\t<div class=\"elementor-element elementor-element-c306e58 jltma-glass-effect-no elementor-widget elementor-widget-image\" data-id=\"c306e58\" data-element_type=\"widget\" data-e-type=\"widget\" data-widget_type=\"image.default\">\n\t\t\t\t<div class=\"elementor-widget-container\">\n\t\t\t\t\t\t\t\t\t\t\t\t\t\t\t<img decoding=\"async\" width=\"1024\" height=\"684\" src=\"https:\/\/thongthaimassage.com\/wp-content\/uploads\/2023\/04\/woman-receiving-foot-massage-service-from-masseuse-close-up-hand-foot-relax-foot-massage-therapy-service-concept-1024x684.jpg\" class=\"attachment-large size-large wp-image-851\" alt=\"Fot Massage-Thong Thai Massage Helsingborg\" srcset=\"https:\/\/thongthaimassage.com\/wp-content\/uploads\/2023\/04\/woman-receiving-foot-massage-service-from-masseuse-close-up-hand-foot-relax-foot-massage-therapy-service-concept-1024x684.jpg 1024w, https:\/\/thongthaimassage.com\/wp-content\/uploads\/2023\/04\/woman-receiving-foot-massage-service-from-masseuse-close-up-hand-foot-relax-foot-massage-therapy-service-concept-300x200.jpg 300w, https:\/\/thongthaimassage.com\/wp-content\/uploads\/2023\/04\/woman-receiving-foot-massage-service-from-masseuse-close-up-hand-foot-relax-foot-massage-therapy-service-concept-768x513.jpg 768w, https:\/\/thongthaimassage.com\/wp-content\/uploads\/2023\/04\/woman-receiving-foot-massage-service-from-masseuse-close-up-hand-foot-relax-foot-massage-therapy-service-concept-1536x1025.jpg 1536w, https:\/\/thongthaimassage.com\/wp-content\/uploads\/2023\/04\/woman-receiving-foot-massage-service-from-masseuse-close-up-hand-foot-relax-foot-massage-therapy-service-concept-2048x1367.jpg 2048w\" sizes=\"(max-width: 1024px) 100vw, 1024px\" \/>\t\t\t\t\t\t\t\t\t\t\t\t\t\t\t<\/div>\n\t\t\t\t<\/div>\n\t\t\t\t<div class=\"elementor-element elementor-element-bbd608e jltma-glass-effect-no elementor-widget elementor-widget-heading\" data-id=\"bbd608e\" data-element_type=\"widget\" data-e-type=\"widget\" data-widget_type=\"heading.default\">\n\t\t\t\t<div class=\"elementor-widget-container\">\n\t\t\t\t\t<h4 class=\"elementor-heading-title elementor-size-default\">Fot Massage<\/h4>\t\t\t\t<\/div>\n\t\t\t\t<\/div>\n\t\t\t\t\t<\/div>\n\t\t<\/div>\n\t\t\t\t\t<\/div>\n\t\t<\/section>\n\t\t\t\t<section class=\"has_ma_el_bg_slider elementor-section elementor-top-section elementor-element elementor-element-407fcbb elementor-section-boxed elementor-section-height-default elementor-section-height-default jltma-glass-effect-no\" data-id=\"407fcbb\" data-element_type=\"section\" data-e-type=\"section\" data-settings=\"{&quot;background_background&quot;:&quot;classic&quot;}\">\n\t\t\t\t\t\t<div class=\"elementor-container elementor-column-gap-no\">\n\t\t\t\t\t<div class=\"has_ma_el_bg_slider elementor-column elementor-col-33 elementor-top-column elementor-element elementor-element-56b24ba jltma-glass-effect-no\" data-id=\"56b24ba\" data-element_type=\"column\" data-e-type=\"column\">\n\t\t\t<div class=\"elementor-widget-wrap elementor-element-populated\">\n\t\t\t\t\t\t<div class=\"elementor-element elementor-element-a29cb72 jltma-glass-effect-no elementor-widget elementor-widget-heading\" data-id=\"a29cb72\" data-element_type=\"widget\" data-e-type=\"widget\" data-widget_type=\"heading.default\">\n\t\t\t\t<div class=\"elementor-widget-container\">\n\t\t\t\t\t<h2 class=\"elementor-heading-title elementor-size-default\">Det b\u00e4sta av\nV\u00e5ra tj\u00e4nster<\/h2>\t\t\t\t<\/div>\n\t\t\t\t<\/div>\n\t\t\t\t<div class=\"elementor-element elementor-element-a7af450 jltma-glass-effect-no elementor-widget elementor-widget-text-editor\" data-id=\"a7af450\" data-element_type=\"widget\" data-e-type=\"widget\" data-widget_type=\"text-editor.default\">\n\t\t\t\t<div class=\"elementor-widget-container\">\n\t\t\t\t\t\t\t\t\t<p>V\u00e4lkommen till <a href=\"http:\/\/thongthaimassage.com\/\">Thongjan massage i Helsingborg<\/a> &#8211; din fristad f\u00f6r avslappning och v\u00e4lbefinnande. Vi \u00e4r stolta \u00f6ver att erbjuda autentisk <a href=\"http:\/\/thongthaimassage.com\">thail\u00e4ndsk<\/a> <a href=\"http:\/\/thail\u00e4ndsk\" data-wplink-url-error=\"true\">massage<\/a> i en avslappnad och trivsam milj\u00f6. V\u00e5r erfarna personal \u00e4r dedikerad att ge dig den b\u00e4sta m\u00f6jliga behandlingen f\u00f6r att hj\u00e4lpa dig att slappna av och \u00e5terf\u00e5 balansen i kroppen.<\/p>\t\t\t\t\t\t\t\t<\/div>\n\t\t\t\t<\/div>\n\t\t\t\t\t<\/div>\n\t\t<\/div>\n\t\t\t\t<div class=\"has_ma_el_bg_slider elementor-column elementor-col-33 elementor-top-column elementor-element elementor-element-649c48e jltma-glass-effect-no\" data-id=\"649c48e\" data-element_type=\"column\" data-e-type=\"column\">\n\t\t\t<div class=\"elementor-widget-wrap elementor-element-populated\">\n\t\t\t\t\t\t<div class=\"elementor-element elementor-element-bad3896 jltma-glass-effect-no elementor-widget elementor-widget-image\" data-id=\"bad3896\" data-element_type=\"widget\" data-e-type=\"widget\" data-widget_type=\"image.default\">\n\t\t\t\t<div class=\"elementor-widget-container\">\n\t\t\t\t\t\t\t\t\t\t\t\t\t\t\t<img loading=\"lazy\" decoding=\"async\" width=\"1703\" height=\"2560\" src=\"https:\/\/thongthaimassage.com\/wp-content\/uploads\/2023\/04\/relaxing-abdomen-massage-scaled.jpg\" class=\"attachment-full size-full wp-image-892\" alt=\"\" srcset=\"https:\/\/thongthaimassage.com\/wp-content\/uploads\/2023\/04\/relaxing-abdomen-massage-scaled.jpg 1703w, https:\/\/thongthaimassage.com\/wp-content\/uploads\/2023\/04\/relaxing-abdomen-massage-200x300.jpg 200w, https:\/\/thongthaimassage.com\/wp-content\/uploads\/2023\/04\/relaxing-abdomen-massage-681x1024.jpg 681w, https:\/\/thongthaimassage.com\/wp-content\/uploads\/2023\/04\/relaxing-abdomen-massage-768x1154.jpg 768w, https:\/\/thongthaimassage.com\/wp-content\/uploads\/2023\/04\/relaxing-abdomen-massage-1022x1536.jpg 1022w, https:\/\/thongthaimassage.com\/wp-content\/uploads\/2023\/04\/relaxing-abdomen-massage-1363x2048.jpg 1363w\" sizes=\"(max-width: 1703px) 100vw, 1703px\" \/>\t\t\t\t\t\t\t\t\t\t\t\t\t\t\t<\/div>\n\t\t\t\t<\/div>\n\t\t\t\t\t<\/div>\n\t\t<\/div>\n\t\t\t\t<div class=\"has_ma_el_bg_slider elementor-column elementor-col-33 elementor-top-column elementor-element elementor-element-c05e8be jltma-glass-effect-no\" data-id=\"c05e8be\" data-element_type=\"column\" data-e-type=\"column\">\n\t\t\t<div class=\"elementor-widget-wrap elementor-element-populated\">\n\t\t\t\t\t\t<div class=\"elementor-element elementor-element-d50bcdc elementor-widget-divider--view-line jltma-glass-effect-no elementor-widget elementor-widget-divider\" data-id=\"d50bcdc\" data-element_type=\"widget\" data-e-type=\"widget\" data-widget_type=\"divider.default\">\n\t\t\t\t<div class=\"elementor-widget-container\">\n\t\t\t\t\t\t\t<div class=\"elementor-divider\">\n\t\t\t<span class=\"elementor-divider-separator\">\n\t\t\t\t\t\t<\/span>\n\t\t<\/div>\n\t\t\t\t\t\t<\/div>\n\t\t\t\t<\/div>\n\t\t\t\t<div class=\"elementor-element elementor-element-40976f6 jltma-glass-effect-no elementor-widget elementor-widget-heading\" data-id=\"40976f6\" data-element_type=\"widget\" data-e-type=\"widget\" data-widget_type=\"heading.default\">\n\t\t\t\t<div class=\"elementor-widget-container\">\n\t\t\t\t\t<h6 class=\"elementor-heading-title elementor-size-default\">01<\/h6>\t\t\t\t<\/div>\n\t\t\t\t<\/div>\n\t\t\t\t<div class=\"elementor-element elementor-element-fc0f53f jltma-glass-effect-no elementor-widget elementor-widget-heading\" data-id=\"fc0f53f\" data-element_type=\"widget\" data-e-type=\"widget\" data-widget_type=\"heading.default\">\n\t\t\t\t<div class=\"elementor-widget-container\">\n\t\t\t\t\t<h4 class=\"elementor-heading-title elementor-size-default\">Thaimassage\u200b<\/h4>\t\t\t\t<\/div>\n\t\t\t\t<\/div>\n\t\t\t\t<div class=\"elementor-element elementor-element-f2684db jltma-glass-effect-no elementor-widget elementor-widget-text-editor\" data-id=\"f2684db\" data-element_type=\"widget\" data-e-type=\"widget\" data-widget_type=\"text-editor.default\">\n\t\t\t\t<div class=\"elementor-widget-container\">\n\t\t\t\t\t\t\t\t\t<p>Uppt\u00e4ck den ultimata v\u00e4gen till avslappning och h\u00e4lsa med v\u00e5r <a href=\"http:\/\/thongthaimassage.com\">thail\u00e4ndska<\/a> <a href=\"http:\/\/thongthaimassage.com\/\">massage<\/a> p\u00e5 v\u00e5rt spa &#8211; din destination f\u00f6r massage, <a href=\"http:\/\/thongthaimassage.com\/\">thai massage<\/a> och totalt v\u00e4lbefinnande<\/p>\t\t\t\t\t\t\t\t<\/div>\n\t\t\t\t<\/div>\n\t\t\t\t<div class=\"elementor-element elementor-element-9e170c9 elementor-widget-divider--view-line jltma-glass-effect-no elementor-widget elementor-widget-divider\" data-id=\"9e170c9\" data-element_type=\"widget\" data-e-type=\"widget\" data-widget_type=\"divider.default\">\n\t\t\t\t<div class=\"elementor-widget-container\">\n\t\t\t\t\t\t\t<div class=\"elementor-divider\">\n\t\t\t<span class=\"elementor-divider-separator\">\n\t\t\t\t\t\t<\/span>\n\t\t<\/div>\n\t\t\t\t\t\t<\/div>\n\t\t\t\t<\/div>\n\t\t\t\t<div class=\"elementor-element elementor-element-fb56f6c jltma-glass-effect-no elementor-widget elementor-widget-heading\" data-id=\"fb56f6c\" data-element_type=\"widget\" data-e-type=\"widget\" data-widget_type=\"heading.default\">\n\t\t\t\t<div class=\"elementor-widget-container\">\n\t\t\t\t\t<h6 class=\"elementor-heading-title elementor-size-default\">02<\/h6>\t\t\t\t<\/div>\n\t\t\t\t<\/div>\n\t\t\t\t<div class=\"elementor-element elementor-element-85d65a5 jltma-glass-effect-no elementor-widget elementor-widget-heading\" data-id=\"85d65a5\" data-element_type=\"widget\" data-e-type=\"widget\" data-widget_type=\"heading.default\">\n\t\t\t\t<div class=\"elementor-widget-container\">\n\t\t\t\t\t<h4 class=\"elementor-heading-title elementor-size-default\">Olje Massage<\/h4>\t\t\t\t<\/div>\n\t\t\t\t<\/div>\n\t\t\t\t<div class=\"elementor-element elementor-element-f1cea4c jltma-glass-effect-no elementor-widget elementor-widget-text-editor\" data-id=\"f1cea4c\" data-element_type=\"widget\" data-e-type=\"widget\" data-widget_type=\"text-editor.default\">\n\t\t\t\t<div class=\"elementor-widget-container\">\n\t\t\t\t\t\t\t\t\t<p>Njut av en lyxig och avkopplande oljemassage p\u00e5 v\u00e5rt spa &#8211; din oas f\u00f6r massage, <a href=\"http:\/\/thongthaimassage.com\/\">thail\u00e4ndsk<\/a> <a href=\"http:\/\/thongthaimassage.com\/\">massage<\/a> och total avslappning<\/p>\t\t\t\t\t\t\t\t<\/div>\n\t\t\t\t<\/div>\n\t\t\t\t<div class=\"elementor-element elementor-element-8044aca elementor-widget-divider--view-line jltma-glass-effect-no elementor-widget elementor-widget-divider\" data-id=\"8044aca\" data-element_type=\"widget\" data-e-type=\"widget\" data-widget_type=\"divider.default\">\n\t\t\t\t<div class=\"elementor-widget-container\">\n\t\t\t\t\t\t\t<div class=\"elementor-divider\">\n\t\t\t<span class=\"elementor-divider-separator\">\n\t\t\t\t\t\t<\/span>\n\t\t<\/div>\n\t\t\t\t\t\t<\/div>\n\t\t\t\t<\/div>\n\t\t\t\t<div class=\"elementor-element elementor-element-d03f302 jltma-glass-effect-no elementor-widget elementor-widget-heading\" data-id=\"d03f302\" data-element_type=\"widget\" data-e-type=\"widget\" data-widget_type=\"heading.default\">\n\t\t\t\t<div class=\"elementor-widget-container\">\n\t\t\t\t\t<h6 class=\"elementor-heading-title elementor-size-default\">03<\/h6>\t\t\t\t<\/div>\n\t\t\t\t<\/div>\n\t\t\t\t<div class=\"elementor-element elementor-element-f353abf jltma-glass-effect-no elementor-widget elementor-widget-heading\" data-id=\"f353abf\" data-element_type=\"widget\" data-e-type=\"widget\" data-widget_type=\"heading.default\">\n\t\t\t\t<div class=\"elementor-widget-container\">\n\t\t\t\t\t<h4 class=\"elementor-heading-title elementor-size-default\">Fot Massage\u200b<\/h4>\t\t\t\t<\/div>\n\t\t\t\t<\/div>\n\t\t\t\t<div class=\"elementor-element elementor-element-1d2f736 jltma-glass-effect-no elementor-widget elementor-widget-text-editor\" data-id=\"1d2f736\" data-element_type=\"widget\" data-e-type=\"widget\" data-widget_type=\"text-editor.default\">\n\t\t\t\t<div class=\"elementor-widget-container\">\n\t\t\t\t\t\t\t\t\t<p>Ge dina f\u00f6tter den omsorg de f\u00f6rtj\u00e4nar med v\u00e5r professionella fotmassage p\u00e5 v\u00e5rt spa &#8211; din plats f\u00f6r massage, <a href=\"http:\/\/thongthaimassage.com\/\">thail\u00e4ndsk<\/a> <a href=\"http:\/\/thongthaimassage.com\/\">massage<\/a> och total fotv\u00e5rd<\/p>\t\t\t\t\t\t\t\t<\/div>\n\t\t\t\t<\/div>\n\t\t\t\t\t<\/div>\n\t\t<\/div>\n\t\t\t\t\t<\/div>\n\t\t<\/section>\n\t\t\t\t<\/div>\n\t\t","protected":false},"excerpt":{"rendered":"<p>V\u00e4lkommen till Thongjan MassageRING 073 541 8879 Professionell thaimassage Jag erbjuder dig en fantastisk massage. Ring for bokning 073 541 8879 Thaimassage Olje Massage Fot Massage Det b\u00e4sta av V\u00e5ra tj\u00e4nster V\u00e4lkommen till Thongjan massage i Helsingborg &#8211; din fristad f\u00f6r avslappning och v\u00e4lbefinnande. Vi \u00e4r stolta \u00f6ver att erbjuda autentisk thail\u00e4ndsk massage i en [&hellip;]<\/p>\n","protected":false},"author":1,"featured_media":0,"parent":0,"menu_order":0,"comment_status":"closed","ping_status":"closed","template":"","meta":{"site-sidebar-layout":"no-sidebar","site-content-layout":"page-builder","ast-site-content-layout":"default","site-content-style":"default","site-sidebar-style":"default","ast-global-header-display":"","ast-banner-title-visibility":"","ast-main-header-display":"","ast-hfb-above-header-display":"","ast-hfb-below-header-display":"","ast-hfb-mobile-header-display":"","site-post-title":"disabled","ast-breadcrumbs-content":"disabled","ast-featured-img":"disabled","footer-sml-layout":"","ast-disable-related-posts":"","theme-transparent-header-meta":"enabled","adv-header-id-meta":"","stick-header-meta":"","header-above-stick-meta":"","header-main-stick-meta":"","header-below-stick-meta":"","astra-migrate-meta-layouts":"default","ast-page-background-enabled":"default","ast-page-background-meta":{"desktop":{"background-color":"var(--ast-global-color-4)","background-image":"","background-repeat":"repeat","background-position":"center center","background-size":"auto","background-attachment":"scroll","background-type":"","background-media":"","overlay-type":"","overlay-color":"","overlay-opacity":"","overlay-gradient":""},"tablet":{"background-color":"","background-image":"","background-repeat":"repeat","background-position":"center center","background-size":"auto","background-attachment":"scroll","background-type":"","background-media":"","overlay-type":"","overlay-color":"","overlay-opacity":"","overlay-gradient":""},"mobile":{"background-color":"","background-image":"","background-repeat":"repeat","background-position":"center center","background-size":"auto","background-attachment":"scroll","background-type":"","background-media":"","overlay-type":"","overlay-color":"","overlay-opacity":"","overlay-gradient":""}},"ast-content-background-meta":{"desktop":{"background-color":"var(--ast-global-color-5)","background-image":"","background-repeat":"repeat","background-position":"center center","background-size":"auto","background-attachment":"scroll","background-type":"","background-media":"","overlay-type":"","overlay-color":"","overlay-opacity":"","overlay-gradient":""},"tablet":{"background-color":"var(--ast-global-color-5)","background-image":"","background-repeat":"repeat","background-position":"center center","background-size":"auto","background-attachment":"scroll","background-type":"","background-media":"","overlay-type":"","overlay-color":"","overlay-opacity":"","overlay-gradient":""},"mobile":{"background-color":"var(--ast-global-color-5)","background-image":"","background-repeat":"repeat","background-position":"center center","background-size":"auto","background-attachment":"scroll","background-type":"","background-media":"","overlay-type":"","overlay-color":"","overlay-opacity":"","overlay-gradient":""}},"footnotes":""},"class_list":["post-554","page","type-page","status-publish","hentry"],"aioseo_notices":[],"_links":{"self":[{"href":"https:\/\/thongthaimassage.com\/index.php?rest_route=\/wp\/v2\/pages\/554","targetHints":{"allow":["GET"]}}],"collection":[{"href":"https:\/\/thongthaimassage.com\/index.php?rest_route=\/wp\/v2\/pages"}],"about":[{"href":"https:\/\/thongthaimassage.com\/index.php?rest_route=\/wp\/v2\/types\/page"}],"author":[{"embeddable":true,"href":"https:\/\/thongthaimassage.com\/index.php?rest_route=\/wp\/v2\/users\/1"}],"replies":[{"embeddable":true,"href":"https:\/\/thongthaimassage.com\/index.php?rest_route=%2Fwp%2Fv2%2Fcomments&post=554"}],"version-history":[{"count":488,"href":"https:\/\/thongthaimassage.com\/index.php?rest_route=\/wp\/v2\/pages\/554\/revisions"}],"predecessor-version":[{"id":1914,"href":"https:\/\/thongthaimassage.com\/index.php?rest_route=\/wp\/v2\/pages\/554\/revisions\/1914"}],"wp:attachment":[{"href":"https:\/\/thongthaimassage.com\/index.php?rest_route=%2Fwp%2Fv2%2Fmedia&parent=554"}],"curies":[{"name":"wp","href":"https:\/\/api.w.org\/{rel}","templated":true}]}}