{"id":1240,"date":"2023-04-21T14:30:23","date_gmt":"2023-04-21T07:30:23","guid":{"rendered":"http:\/\/thongthaimassage.com\/?page_id=1240"},"modified":"2026-01-10T09:44:00","modified_gmt":"2026-01-10T08:44:00","slug":"services","status":"publish","type":"page","link":"https:\/\/thongthaimassage.com\/?page_id=1240","title":{"rendered":"Services"},"content":{"rendered":"\t\t<div data-elementor-type=\"wp-page\" data-elementor-id=\"1240\" class=\"elementor elementor-1240\">\n\t\t\t\t\t\t<section class=\"has_ma_el_bg_slider elementor-section elementor-top-section elementor-element elementor-element-d7d801d elementor-section-full_width elementor-section-height-default elementor-section-height-default jltma-glass-effect-no\" data-id=\"d7d801d\" data-element_type=\"section\" data-e-type=\"section\" data-settings=\"{&quot;background_background&quot;:&quot;classic&quot;}\">\n\t\t\t\t\t\t<div class=\"elementor-container elementor-column-gap-no\">\n\t\t\t\t\t<div class=\"has_ma_el_bg_slider elementor-column elementor-col-100 elementor-top-column elementor-element elementor-element-1897415 jltma-glass-effect-no\" data-id=\"1897415\" data-element_type=\"column\" data-e-type=\"column\">\n\t\t\t<div class=\"elementor-widget-wrap elementor-element-populated\">\n\t\t\t\t\t\t<div class=\"elementor-element elementor-element-32cd5c7 jltma-glass-effect-no elementor-widget elementor-widget-heading\" data-id=\"32cd5c7\" data-element_type=\"widget\" data-e-type=\"widget\" data-widget_type=\"heading.default\">\n\t\t\t\t<div class=\"elementor-widget-container\">\n\t\t\t\t\t<h1 class=\"elementor-heading-title elementor-size-default\">Tj\u00e4nster\n<\/h1>\t\t\t\t<\/div>\n\t\t\t\t<\/div>\n\t\t\t\t<div class=\"elementor-element elementor-element-abf1755 jltma-glass-effect-no elementor-widget elementor-widget-heading\" data-id=\"abf1755\" data-element_type=\"widget\" data-e-type=\"widget\" data-widget_type=\"heading.default\">\n\t\t\t\t<div class=\"elementor-widget-container\">\n\t\t\t\t\t<h2 class=\"elementor-heading-title elementor-size-default\">Thong Thai Massage Helsingborg<\/h2>\t\t\t\t<\/div>\n\t\t\t\t<\/div>\n\t\t\t\t<div class=\"elementor-element elementor-element-cc103ab jltma-glass-effect-no elementor-widget elementor-widget-text-editor\" data-id=\"cc103ab\" data-element_type=\"widget\" data-e-type=\"widget\" data-widget_type=\"text-editor.default\">\n\t\t\t\t<div class=\"elementor-widget-container\">\n\t\t\t\t\t\t\t\t\t<p>Telefon : 073 541 8879<\/p>\t\t\t\t\t\t\t\t<\/div>\n\t\t\t\t<\/div>\n\t\t\t\t\t<\/div>\n\t\t<\/div>\n\t\t\t\t\t<\/div>\n\t\t<\/section>\n\t\t\t\t<section class=\"has_ma_el_bg_slider elementor-section elementor-top-section elementor-element elementor-element-554938f elementor-section-boxed elementor-section-height-default elementor-section-height-default jltma-glass-effect-no\" data-id=\"554938f\" data-element_type=\"section\" data-e-type=\"section\">\n\t\t\t\t\t\t<div class=\"elementor-container elementor-column-gap-default\">\n\t\t\t\t\t<div class=\"has_ma_el_bg_slider elementor-column elementor-col-100 elementor-top-column elementor-element elementor-element-457195e jltma-glass-effect-no\" data-id=\"457195e\" data-element_type=\"column\" data-e-type=\"column\">\n\t\t\t<div class=\"elementor-widget-wrap elementor-element-populated\">\n\t\t\t\t\t\t\t<\/div>\n\t\t<\/div>\n\t\t\t\t\t<\/div>\n\t\t<\/section>\n\t\t\t\t<section class=\"has_ma_el_bg_slider elementor-section elementor-top-section elementor-element elementor-element-83b811a elementor-section-boxed elementor-section-height-default elementor-section-height-default jltma-glass-effect-no\" data-id=\"83b811a\" data-element_type=\"section\" data-e-type=\"section\" data-settings=\"{&quot;background_background&quot;:&quot;classic&quot;}\">\n\t\t\t\t\t\t<div class=\"elementor-container elementor-column-gap-default\">\n\t\t\t\t\t<div class=\"has_ma_el_bg_slider elementor-column elementor-col-100 elementor-top-column elementor-element elementor-element-b4b035f jltma-glass-effect-no\" data-id=\"b4b035f\" data-element_type=\"column\" data-e-type=\"column\">\n\t\t\t<div class=\"elementor-widget-wrap elementor-element-populated\">\n\t\t\t\t\t\t<div class=\"elementor-element elementor-element-e3686df jltma-glass-effect-no elementor-widget elementor-widget-spacer\" data-id=\"e3686df\" data-element_type=\"widget\" data-e-type=\"widget\" data-widget_type=\"spacer.default\">\n\t\t\t\t<div class=\"elementor-widget-container\">\n\t\t\t\t\t\t\t<div class=\"elementor-spacer\">\n\t\t\t<div class=\"elementor-spacer-inner\"><\/div>\n\t\t<\/div>\n\t\t\t\t\t\t<\/div>\n\t\t\t\t<\/div>\n\t\t\t\t\t<\/div>\n\t\t<\/div>\n\t\t\t\t\t<\/div>\n\t\t<\/section>\n\t\t\t\t<section class=\"has_ma_el_bg_slider elementor-section elementor-top-section elementor-element elementor-element-8a095f0 elementor-section-boxed elementor-section-height-default elementor-section-height-default jltma-glass-effect-no\" data-id=\"8a095f0\" data-element_type=\"section\" data-e-type=\"section\" data-settings=\"{&quot;background_background&quot;:&quot;classic&quot;}\">\n\t\t\t\t\t\t<div class=\"elementor-container elementor-column-gap-default\">\n\t\t\t\t\t<div class=\"has_ma_el_bg_slider elementor-column elementor-col-33 elementor-top-column elementor-element elementor-element-4f6d592 jltma-glass-effect-no\" data-id=\"4f6d592\" data-element_type=\"column\" data-e-type=\"column\">\n\t\t\t<div class=\"elementor-widget-wrap elementor-element-populated\">\n\t\t\t\t\t\t<div class=\"elementor-element elementor-element-1d99780 jltma-glass-effect-no elementor-widget elementor-widget-image\" data-id=\"1d99780\" data-element_type=\"widget\" data-e-type=\"widget\" data-widget_type=\"image.default\">\n\t\t\t\t<div class=\"elementor-widget-container\">\n\t\t\t\t\t\t\t\t\t\t\t\t\t\t\t<img fetchpriority=\"high\" decoding=\"async\" width=\"768\" height=\"512\" src=\"https:\/\/thongthaimassage.com\/wp-content\/uploads\/2023\/04\/beautiful-young-woman-spa-salon-1-768x512.jpg\" class=\"attachment-medium_large size-medium_large wp-image-800\" alt=\"\" srcset=\"https:\/\/thongthaimassage.com\/wp-content\/uploads\/2023\/04\/beautiful-young-woman-spa-salon-1-768x512.jpg 768w, https:\/\/thongthaimassage.com\/wp-content\/uploads\/2023\/04\/beautiful-young-woman-spa-salon-1-300x200.jpg 300w, https:\/\/thongthaimassage.com\/wp-content\/uploads\/2023\/04\/beautiful-young-woman-spa-salon-1-1024x683.jpg 1024w, https:\/\/thongthaimassage.com\/wp-content\/uploads\/2023\/04\/beautiful-young-woman-spa-salon-1-1536x1024.jpg 1536w, https:\/\/thongthaimassage.com\/wp-content\/uploads\/2023\/04\/beautiful-young-woman-spa-salon-1-2048x1365.jpg 2048w\" sizes=\"(max-width: 768px) 100vw, 768px\" \/>\t\t\t\t\t\t\t\t\t\t\t\t\t\t\t<\/div>\n\t\t\t\t<\/div>\n\t\t\t\t<div class=\"elementor-element elementor-element-607d45a jltma-glass-effect-no elementor-widget elementor-widget-heading\" data-id=\"607d45a\" data-element_type=\"widget\" data-e-type=\"widget\" data-widget_type=\"heading.default\">\n\t\t\t\t<div class=\"elementor-widget-container\">\n\t\t\t\t\t<h3 class=\"elementor-heading-title elementor-size-default\">Thaimassage<\/h3>\t\t\t\t<\/div>\n\t\t\t\t<\/div>\n\t\t\t\t<div class=\"elementor-element elementor-element-9979758 jltma-glass-effect-no elementor-widget elementor-widget-text-editor\" data-id=\"9979758\" data-element_type=\"widget\" data-e-type=\"widget\" data-widget_type=\"text-editor.default\">\n\t\t\t\t<div class=\"elementor-widget-container\">\n\t\t\t\t\t\t\t\t\t<p>Thaimassage \u00e4r en bepr\u00f6vad massage teknik som kombinerar stretchning av leder och muskler f\u00f6r att \u00e5terf\u00f6ra dem till deras naturliga vilol\u00e4ge. Detta \u00e4r en popul\u00e4r form av massage som erbjuds p\u00e5 v\u00e5rt spa och fokuserar p\u00e5 att frig\u00f6ra sp\u00e4nningar i kroppen. V\u00e5r thail\u00e4ndska massagebehandling p\u00e5 v\u00e5rt spa \u00e4r skr\u00e4ddarsydd f\u00f6r att ge dig en djupg\u00e5ende avslappning och fr\u00e4mja v\u00e4lbefinnande i kropp och sj\u00e4l.<\/p>\t\t\t\t\t\t\t\t<\/div>\n\t\t\t\t<\/div>\n\t\t\t\t\t<\/div>\n\t\t<\/div>\n\t\t\t\t<div class=\"has_ma_el_bg_slider elementor-column elementor-col-33 elementor-top-column elementor-element elementor-element-1b3f490 jltma-glass-effect-no\" data-id=\"1b3f490\" data-element_type=\"column\" data-e-type=\"column\">\n\t\t\t<div class=\"elementor-widget-wrap elementor-element-populated\">\n\t\t\t\t\t\t<div class=\"elementor-element elementor-element-8b14172 jltma-glass-effect-no elementor-widget elementor-widget-image\" data-id=\"8b14172\" data-element_type=\"widget\" data-e-type=\"widget\" data-widget_type=\"image.default\">\n\t\t\t\t<div class=\"elementor-widget-container\">\n\t\t\t\t\t\t\t\t\t\t\t\t\t\t\t<img decoding=\"async\" width=\"768\" height=\"512\" src=\"https:\/\/thongthaimassage.com\/wp-content\/uploads\/2023\/04\/closeup-woman-relaxing-during-back-massage-spa-salon-768x512.jpg\" class=\"attachment-medium_large size-medium_large wp-image-847\" alt=\"Olje Massage - Thong Thai Massage Helsingborg\" srcset=\"https:\/\/thongthaimassage.com\/wp-content\/uploads\/2023\/04\/closeup-woman-relaxing-during-back-massage-spa-salon-768x512.jpg 768w, https:\/\/thongthaimassage.com\/wp-content\/uploads\/2023\/04\/closeup-woman-relaxing-during-back-massage-spa-salon-300x200.jpg 300w, https:\/\/thongthaimassage.com\/wp-content\/uploads\/2023\/04\/closeup-woman-relaxing-during-back-massage-spa-salon-1024x683.jpg 1024w, https:\/\/thongthaimassage.com\/wp-content\/uploads\/2023\/04\/closeup-woman-relaxing-during-back-massage-spa-salon-1536x1024.jpg 1536w, https:\/\/thongthaimassage.com\/wp-content\/uploads\/2023\/04\/closeup-woman-relaxing-during-back-massage-spa-salon-2048x1365.jpg 2048w\" sizes=\"(max-width: 768px) 100vw, 768px\" \/>\t\t\t\t\t\t\t\t\t\t\t\t\t\t\t<\/div>\n\t\t\t\t<\/div>\n\t\t\t\t<div class=\"elementor-element elementor-element-1368d02 jltma-glass-effect-no elementor-widget elementor-widget-heading\" data-id=\"1368d02\" data-element_type=\"widget\" data-e-type=\"widget\" data-widget_type=\"heading.default\">\n\t\t\t\t<div class=\"elementor-widget-container\">\n\t\t\t\t\t<h3 class=\"elementor-heading-title elementor-size-default\">Olje Massage\n<\/h3>\t\t\t\t<\/div>\n\t\t\t\t<\/div>\n\t\t\t\t<div class=\"elementor-element elementor-element-b1e4dd3 jltma-glass-effect-no elementor-widget elementor-widget-text-editor\" data-id=\"b1e4dd3\" data-element_type=\"widget\" data-e-type=\"widget\" data-widget_type=\"text-editor.default\">\n\t\t\t\t<div class=\"elementor-widget-container\">\n\t\t\t\t\t\t\t\t\t<p>P\u00e5 Thong Thai Massage Helsingborg erbjuder vi en underbart avslappnande upplevelse med v\u00e5r oljemassage. Denna behandling \u00e4r en harmonisk blandning av traditionella thail\u00e4ndska och v\u00e4sterl\u00e4ndska massage tekniker. Genom att anv\u00e4nda olika sorters olja hj\u00e4lper vi till att g\u00f6ra dina muskler och hud h\u00e4rligt avslappnade, smidiga och mjuka. V\u00e5r oljemassage \u00e4r en perfekt behandling att njuta av i v\u00e5r avslappnande spa-milj\u00f6 f\u00f6r att fr\u00e4mja ditt v\u00e4lbefinnande och ge dig en djupg\u00e5ende avslappning.<\/p>\t\t\t\t\t\t\t\t<\/div>\n\t\t\t\t<\/div>\n\t\t\t\t\t<\/div>\n\t\t<\/div>\n\t\t\t\t<div class=\"has_ma_el_bg_slider elementor-column elementor-col-33 elementor-top-column elementor-element elementor-element-2e60d11 jltma-glass-effect-no\" data-id=\"2e60d11\" data-element_type=\"column\" data-e-type=\"column\">\n\t\t\t<div class=\"elementor-widget-wrap elementor-element-populated\">\n\t\t\t\t\t\t<div class=\"elementor-element elementor-element-a2bcdc9 jltma-glass-effect-no elementor-widget elementor-widget-image\" data-id=\"a2bcdc9\" data-element_type=\"widget\" data-e-type=\"widget\" data-widget_type=\"image.default\">\n\t\t\t\t<div class=\"elementor-widget-container\">\n\t\t\t\t\t\t\t\t\t\t\t\t\t\t\t<img decoding=\"async\" width=\"1024\" height=\"684\" src=\"https:\/\/thongthaimassage.com\/wp-content\/uploads\/2023\/04\/woman-receiving-foot-massage-service-from-masseuse-close-up-hand-foot-relax-foot-massage-therapy-service-concept-1024x684.jpg\" class=\"attachment-large size-large wp-image-851\" alt=\"Fot Massage-Thong Thai Massage Helsingborg\" srcset=\"https:\/\/thongthaimassage.com\/wp-content\/uploads\/2023\/04\/woman-receiving-foot-massage-service-from-masseuse-close-up-hand-foot-relax-foot-massage-therapy-service-concept-1024x684.jpg 1024w, https:\/\/thongthaimassage.com\/wp-content\/uploads\/2023\/04\/woman-receiving-foot-massage-service-from-masseuse-close-up-hand-foot-relax-foot-massage-therapy-service-concept-300x200.jpg 300w, https:\/\/thongthaimassage.com\/wp-content\/uploads\/2023\/04\/woman-receiving-foot-massage-service-from-masseuse-close-up-hand-foot-relax-foot-massage-therapy-service-concept-768x513.jpg 768w, https:\/\/thongthaimassage.com\/wp-content\/uploads\/2023\/04\/woman-receiving-foot-massage-service-from-masseuse-close-up-hand-foot-relax-foot-massage-therapy-service-concept-1536x1025.jpg 1536w, https:\/\/thongthaimassage.com\/wp-content\/uploads\/2023\/04\/woman-receiving-foot-massage-service-from-masseuse-close-up-hand-foot-relax-foot-massage-therapy-service-concept-2048x1367.jpg 2048w\" sizes=\"(max-width: 1024px) 100vw, 1024px\" \/>\t\t\t\t\t\t\t\t\t\t\t\t\t\t\t<\/div>\n\t\t\t\t<\/div>\n\t\t\t\t<div class=\"elementor-element elementor-element-491126e jltma-glass-effect-no elementor-widget elementor-widget-heading\" data-id=\"491126e\" data-element_type=\"widget\" data-e-type=\"widget\" data-widget_type=\"heading.default\">\n\t\t\t\t<div class=\"elementor-widget-container\">\n\t\t\t\t\t<h3 class=\"elementor-heading-title elementor-size-default\">Fot Massage<\/h3>\t\t\t\t<\/div>\n\t\t\t\t<\/div>\n\t\t\t\t<div class=\"elementor-element elementor-element-31c2d06 jltma-glass-effect-no elementor-widget elementor-widget-text-editor\" data-id=\"31c2d06\" data-element_type=\"widget\" data-e-type=\"widget\" data-widget_type=\"text-editor.default\">\n\t\t\t\t<div class=\"elementor-widget-container\">\n\t\t\t\t\t\t\t\t\t<p>P\u00e5 Thong Thai Massage Helsingborg erbjuder vi en v\u00e4lg\u00f6rande fotmassage som fokuserar p\u00e5 att behandla fotsulor och vader f\u00f6r att stimulera b\u00e5de nervsystemet och blodcirkulationen. Genom att stimulera nerverna i f\u00f6tterna kan vi hj\u00e4lpa till att fr\u00e4mja avslappning och v\u00e4lbefinnande i hela kroppen. V\u00e5r erfarna personal \u00e4r specialiserad p\u00e5 fotv\u00e5rd och vi \u00e4r stolta \u00f6ver att erbjuda denna popul\u00e4ra behandling i v\u00e5r avslappnande spa-milj\u00f6. Kom och upplev den f\u00f6ryngrande effekten av en professionell fotmassage hos oss!<\/p>\t\t\t\t\t\t\t\t<\/div>\n\t\t\t\t<\/div>\n\t\t\t\t\t<\/div>\n\t\t<\/div>\n\t\t\t\t\t<\/div>\n\t\t<\/section>\n\t\t\t\t<\/div>\n\t\t","protected":false},"excerpt":{"rendered":"<p>Tj\u00e4nster Thong Thai Massage Helsingborg Telefon : 073 541 8879 Thaimassage Thaimassage \u00e4r en bepr\u00f6vad massage teknik som kombinerar stretchning av leder och muskler f\u00f6r att \u00e5terf\u00f6ra dem till deras naturliga vilol\u00e4ge. Detta \u00e4r en popul\u00e4r form av massage som erbjuds p\u00e5 v\u00e5rt spa och fokuserar p\u00e5 att frig\u00f6ra sp\u00e4nningar i kroppen. V\u00e5r thail\u00e4ndska massagebehandling [&hellip;]<\/p>\n","protected":false},"author":1,"featured_media":0,"parent":0,"menu_order":0,"comment_status":"closed","ping_status":"closed","template":"","meta":{"site-sidebar-layout":"no-sidebar","site-content-layout":"page-builder","ast-site-content-layout":"default","site-content-style":"default","site-sidebar-style":"default","ast-global-header-display":"","ast-banner-title-visibility":"","ast-main-header-display":"","ast-hfb-above-header-display":"","ast-hfb-below-header-display":"","ast-hfb-mobile-header-display":"","site-post-title":"disabled","ast-breadcrumbs-content":"disabled","ast-featured-img":"disabled","footer-sml-layout":"","ast-disable-related-posts":"","theme-transparent-header-meta":"enabled","adv-header-id-meta":"","stick-header-meta":"","header-above-stick-meta":"","header-main-stick-meta":"","header-below-stick-meta":"","astra-migrate-meta-layouts":"default","ast-page-background-enabled":"default","ast-page-background-meta":{"desktop":{"background-color":"var(--ast-global-color-4)","background-image":"","background-repeat":"repeat","background-position":"center center","background-size":"auto","background-attachment":"scroll","background-type":"","background-media":"","overlay-type":"","overlay-color":"","overlay-opacity":"","overlay-gradient":""},"tablet":{"background-color":"","background-image":"","background-repeat":"repeat","background-position":"center center","background-size":"auto","background-attachment":"scroll","background-type":"","background-media":"","overlay-type":"","overlay-color":"","overlay-opacity":"","overlay-gradient":""},"mobile":{"background-color":"","background-image":"","background-repeat":"repeat","background-position":"center center","background-size":"auto","background-attachment":"scroll","background-type":"","background-media":"","overlay-type":"","overlay-color":"","overlay-opacity":"","overlay-gradient":""}},"ast-content-background-meta":{"desktop":{"background-color":"var(--ast-global-color-5)","background-image":"","background-repeat":"repeat","background-position":"center center","background-size":"auto","background-attachment":"scroll","background-type":"","background-media":"","overlay-type":"","overlay-color":"","overlay-opacity":"","overlay-gradient":""},"tablet":{"background-color":"var(--ast-global-color-5)","background-image":"","background-repeat":"repeat","background-position":"center center","background-size":"auto","background-attachment":"scroll","background-type":"","background-media":"","overlay-type":"","overlay-color":"","overlay-opacity":"","overlay-gradient":""},"mobile":{"background-color":"var(--ast-global-color-5)","background-image":"","background-repeat":"repeat","background-position":"center center","background-size":"auto","background-attachment":"scroll","background-type":"","background-media":"","overlay-type":"","overlay-color":"","overlay-opacity":"","overlay-gradient":""}},"footnotes":""},"class_list":["post-1240","page","type-page","status-publish","hentry"],"aioseo_notices":[],"_links":{"self":[{"href":"https:\/\/thongthaimassage.com\/index.php?rest_route=\/wp\/v2\/pages\/1240","targetHints":{"allow":["GET"]}}],"collection":[{"href":"https:\/\/thongthaimassage.com\/index.php?rest_route=\/wp\/v2\/pages"}],"about":[{"href":"https:\/\/thongthaimassage.com\/index.php?rest_route=\/wp\/v2\/types\/page"}],"author":[{"embeddable":true,"href":"https:\/\/thongthaimassage.com\/index.php?rest_route=\/wp\/v2\/users\/1"}],"replies":[{"embeddable":true,"href":"https:\/\/thongthaimassage.com\/index.php?rest_route=%2Fwp%2Fv2%2Fcomments&post=1240"}],"version-history":[{"count":194,"href":"https:\/\/thongthaimassage.com\/index.php?rest_route=\/wp\/v2\/pages\/1240\/revisions"}],"predecessor-version":[{"id":1902,"href":"https:\/\/thongthaimassage.com\/index.php?rest_route=\/wp\/v2\/pages\/1240\/revisions\/1902"}],"wp:attachment":[{"href":"https:\/\/thongthaimassage.com\/index.php?rest_route=%2Fwp%2Fv2%2Fmedia&parent=1240"}],"curies":[{"name":"wp","href":"https:\/\/api.w.org\/{rel}","templated":true}]}}